{"id":4097,"date":"2024-04-11T11:52:06","date_gmt":"2024-04-11T09:52:06","guid":{"rendered":"https:\/\/tsj-tarasyszklane.pl\/?page_id=4097"},"modified":"2024-04-18T14:34:05","modified_gmt":"2024-04-18T12:34:05","slug":"blog","status":"publish","type":"page","link":"https:\/\/tsj-tarasyszklane.pl\/de\/blog\/","title":{"rendered":"Blog"},"content":{"rendered":"<div data-elementor-type=\"wp-page\" data-elementor-id=\"4097\" class=\"elementor elementor-4097\" data-elementor-post-type=\"page\">\n\t\t\t\t<div class=\"elementor-element elementor-element-8498177 e-flex e-con-boxed e-con e-parent\" data-id=\"8498177\" data-element_type=\"container\" data-e-type=\"container\">\n\t\t\t\t\t<div class=\"e-con-inner\">\n\t\t\t\t<div class=\"elementor-element elementor-element-6fe2f44 elementor-grid-1 elementor-posts--thumbnail-left elementor-grid-tablet-2 elementor-grid-mobile-1 elementor-widget elementor-widget-posts\" data-id=\"6fe2f44\" data-element_type=\"widget\" data-e-type=\"widget\" data-settings=\"{&quot;classic_columns&quot;:&quot;1&quot;,&quot;classic_columns_tablet&quot;:&quot;2&quot;,&quot;classic_columns_mobile&quot;:&quot;1&quot;,&quot;classic_row_gap&quot;:{&quot;unit&quot;:&quot;px&quot;,&quot;size&quot;:35,&quot;sizes&quot;:[]},&quot;classic_row_gap_tablet&quot;:{&quot;unit&quot;:&quot;px&quot;,&quot;size&quot;:&quot;&quot;,&quot;sizes&quot;:[]},&quot;classic_row_gap_mobile&quot;:{&quot;unit&quot;:&quot;px&quot;,&quot;size&quot;:&quot;&quot;,&quot;sizes&quot;:[]}}\" data-widget_type=\"posts.classic\">\n\t\t\t\t<div class=\"elementor-widget-container\">\n\t\t\t\t\t\t\t<div class=\"elementor-posts-container elementor-posts elementor-posts--skin-classic elementor-grid\" role=\"list\">\n\t\t\t\t<article class=\"elementor-post elementor-grid-item post-4147 post type-post status-publish format-standard has-post-thumbnail hentry category-blog\" role=\"listitem\">\n\t\t\t\t<a class=\"elementor-post__thumbnail__link\" href=\"https:\/\/tsj-tarasyszklane.pl\/de\/blog\/wintergarten-erkunden\/\" tabindex=\"-1\" >\n\t\t\t<div class=\"elementor-post__thumbnail\"><img fetchpriority=\"high\" decoding=\"async\" width=\"2000\" height=\"1333\" src=\"https:\/\/tsj-tarasyszklane.pl\/wp-content\/uploads\/2024\/04\/AdobeStock_631922781-scaled.jpeg\" class=\"attachment-full size-full wp-image-4152\" alt=\"\" srcset=\"https:\/\/tsj-tarasyszklane.pl\/wp-content\/uploads\/2024\/04\/AdobeStock_631922781-scaled.jpeg 2000w, https:\/\/tsj-tarasyszklane.pl\/wp-content\/uploads\/2024\/04\/AdobeStock_631922781-300x200.jpeg 300w, https:\/\/tsj-tarasyszklane.pl\/wp-content\/uploads\/2024\/04\/AdobeStock_631922781-1024x683.jpeg 1024w, https:\/\/tsj-tarasyszklane.pl\/wp-content\/uploads\/2024\/04\/AdobeStock_631922781-768x512.jpeg 768w, https:\/\/tsj-tarasyszklane.pl\/wp-content\/uploads\/2024\/04\/AdobeStock_631922781-1536x1024.jpeg 1536w, https:\/\/tsj-tarasyszklane.pl\/wp-content\/uploads\/2024\/04\/AdobeStock_631922781-2048x1365.jpeg 2048w, https:\/\/tsj-tarasyszklane.pl\/wp-content\/uploads\/2024\/04\/AdobeStock_631922781-18x12.jpeg 18w\" sizes=\"(max-width: 2000px) 100vw, 2000px\" \/><\/div>\n\t\t<\/a>\n\t\t\t\t<div class=\"elementor-post__text\">\n\t\t\t\t<h2 class=\"elementor-post__title\">\n\t\t\t<a href=\"https:\/\/tsj-tarasyszklane.pl\/de\/blog\/wintergarten-erkunden\/\" >\n\t\t\t\tWinterg\u00e4rten erkunden\t\t\t<\/a>\n\t\t<\/h2>\n\t\t\t\t<div class=\"elementor-post__meta-data\">\n\t\t\t\t\t<span class=\"elementor-post-date\">\n\t\t\t11. April 2024\t\t<\/span>\n\t\t\t\t<\/div>\n\t\t\t\t<div class=\"elementor-post__excerpt\">\n\t\t\t<p>Vorteile eines Wintergartens Ein Wintergarten ist im Allgemeinen eine Erweiterung des Hauses und bietet zus\u00e4tzlichen Raum. Er bietet einen Ort zum Entspannen und Erholen in der N\u00e4he der Natur, unabh\u00e4ngig vom vorherrschenden Wetter drau\u00dfen<\/p>\n\t\t<\/div>\n\t\t\n\t\t<a class=\"elementor-post__read-more\" href=\"https:\/\/tsj-tarasyszklane.pl\/de\/blog\/wintergarten-erkunden\/\" aria-label=\"Lesen Sie mehr \u00fcber Winterg\u00e4rten erforschen\" tabindex=\"-1\" >\n\t\t\tMehr lesen\t\t<\/a>\n\n\t\t\t\t<\/div>\n\t\t\t\t<\/article>\n\t\t\t\t<\/div>\n\t\t\n\t\t\t\t\t\t<\/div>\n\t\t\t\t<\/div>\n\t\t\t\t\t<\/div>\n\t\t\t\t<\/div>\n\t\t\t\t<\/div>","protected":false},"excerpt":{"rendered":"","protected":false},"author":5,"featured_media":0,"parent":0,"menu_order":0,"comment_status":"closed","ping_status":"closed","template":"","meta":{"_acf_changed":false,"footnotes":""},"class_list":["post-4097","page","type-page","status-publish","hentry"],"acf":[],"_links":{"self":[{"href":"https:\/\/tsj-tarasyszklane.pl\/de\/wp-json\/wp\/v2\/pages\/4097","targetHints":{"allow":["GET"]}}],"collection":[{"href":"https:\/\/tsj-tarasyszklane.pl\/de\/wp-json\/wp\/v2\/pages"}],"about":[{"href":"https:\/\/tsj-tarasyszklane.pl\/de\/wp-json\/wp\/v2\/types\/page"}],"author":[{"embeddable":true,"href":"https:\/\/tsj-tarasyszklane.pl\/de\/wp-json\/wp\/v2\/users\/5"}],"replies":[{"embeddable":true,"href":"https:\/\/tsj-tarasyszklane.pl\/de\/wp-json\/wp\/v2\/comments?post=4097"}],"version-history":[{"count":61,"href":"https:\/\/tsj-tarasyszklane.pl\/de\/wp-json\/wp\/v2\/pages\/4097\/revisions"}],"predecessor-version":[{"id":4255,"href":"https:\/\/tsj-tarasyszklane.pl\/de\/wp-json\/wp\/v2\/pages\/4097\/revisions\/4255"}],"wp:attachment":[{"href":"https:\/\/tsj-tarasyszklane.pl\/de\/wp-json\/wp\/v2\/media?parent=4097"}],"curies":[{"name":"wp","href":"https:\/\/api.w.org\/{rel}","templated":true}]}}