{"id":2546,"date":"2022-09-06T13:13:07","date_gmt":"2022-09-06T11:13:07","guid":{"rendered":"https:\/\/tsj-tarasyszklane.pl\/?page_id=2546"},"modified":"2025-02-05T09:51:56","modified_gmt":"2025-02-05T08:51:56","slug":"bewertung-der-dienstleistung","status":"publish","type":"page","link":"https:\/\/tsj-tarasyszklane.pl\/de\/bewertung-der-dienstleistung\/","title":{"rendered":"PREIS \u00dcBERPR\u00dcFEN"},"content":{"rendered":"\t\t<div data-elementor-type=\"wp-page\" data-elementor-id=\"2546\" class=\"elementor elementor-2546\" data-elementor-post-type=\"page\">\n\t\t\t\t\t\t<section data-dce-background-overlay-color=\"#000000\" data-dce-background-image-url=\"https:\/\/tsj-tarasyszklane.pl\/wp-content\/uploads\/2022\/09\/modern-loft-style-concrete-patio-sitting-drinking-coffee-scaled.jpg\" class=\"elementor-section elementor-top-section elementor-element elementor-element-565078e6 elementor-section-full_width elementor-section-height-full elementor-section-items-stretch elementor-section-content-middle animated-fast elementor-reverse-mobile elementor-section-height-default elementor-invisible\" data-id=\"565078e6\" data-element_type=\"section\" data-e-type=\"section\" data-settings=\"{&quot;background_background&quot;:&quot;classic&quot;,&quot;animation&quot;:&quot;fadeInDown&quot;,&quot;animation_delay&quot;:300}\">\n\t\t\t\t\t\t\t<div class=\"elementor-background-overlay\"><\/div>\n\t\t\t\t\t\t\t<div class=\"elementor-container elementor-column-gap-wider\">\n\t\t\t\t\t<div class=\"elementor-column elementor-col-100 elementor-top-column elementor-element elementor-element-b92c043\" data-id=\"b92c043\" data-element_type=\"column\" data-e-type=\"column\">\n\t\t\t<div class=\"elementor-widget-wrap elementor-element-populated\">\n\t\t\t\t\t\t<section class=\"elementor-section elementor-inner-section elementor-element elementor-element-791b9f76 elementor-section-boxed elementor-section-height-default elementor-section-height-default\" data-id=\"791b9f76\" data-element_type=\"section\" data-e-type=\"section\">\n\t\t\t\t\t\t<div class=\"elementor-container elementor-column-gap-no\">\n\t\t\t\t\t<div data-dce-background-color=\"#F1F1F1\" class=\"elementor-column elementor-col-50 elementor-inner-column elementor-element elementor-element-62f4f9cc elementor-invisible\" data-id=\"62f4f9cc\" data-element_type=\"column\" data-e-type=\"column\" data-settings=\"{&quot;background_background&quot;:&quot;classic&quot;,&quot;animation&quot;:&quot;fadeInUp&quot;,&quot;animation_delay&quot;:500}\">\n\t\t\t<div class=\"elementor-widget-wrap elementor-element-populated\">\n\t\t\t\t\t\t<div data-dce-title-color=\"#000000\" class=\"elementor-element elementor-element-7e5abbf9 elementor-widget elementor-widget-heading\" data-id=\"7e5abbf9\" data-element_type=\"widget\" data-e-type=\"widget\" data-widget_type=\"heading.default\">\n\t\t\t\t<div class=\"elementor-widget-container\">\n\t\t\t\t\t<h2 class=\"elementor-heading-title elementor-size-default\">Dzi\u0119kujemy za zainteresowanie nasz\u0105 ofert\u0105. Jeste\u015bmy po to, aby spe\u0142ni\u0107 Twoje marzenie o w\u0142asnym ogrodzie zimowym.<\/h2>\t\t\t\t<\/div>\n\t\t\t\t<\/div>\n\t\t\t\t<div class=\"elementor-element elementor-element-bb49efc elementor-widget elementor-widget-heading\" data-id=\"bb49efc\" data-element_type=\"widget\" data-e-type=\"widget\" data-widget_type=\"heading.default\">\n\t\t\t\t<div class=\"elementor-widget-container\">\n\t\t\t\t\t<h2 class=\"elementor-heading-title elementor-size-default\">W celu przygotowania indywidualnej wyceny, uprzejmie prosimy o\u00a0wype\u0142nienie wszystkich p\u00f3l formularza.  Zapewniamy, \u017ce podane dane wykorzystamy tylko i wy\u0142\u0105cznie do realizacji zapytania.<\/h2>\t\t\t\t<\/div>\n\t\t\t\t<\/div>\n\t\t\t\t<div class=\"elementor-element elementor-element-00c8e77 elementor-widget elementor-widget-heading\" data-id=\"00c8e77\" data-element_type=\"widget\" data-e-type=\"widget\" data-widget_type=\"heading.default\">\n\t\t\t\t<div class=\"elementor-widget-container\">\n\t\t\t\t\t<h2 class=\"elementor-heading-title elementor-size-default\">Wycen\u0119 przygotujemy w mo\u017cliwie najkr\u00f3tszym terminie.<\/h2>\t\t\t\t<\/div>\n\t\t\t\t<\/div>\n\t\t\t\t<div data-dce-text-color=\"#2B2A28\" class=\"elementor-element elementor-element-1ccfc9f1 elementor-widget__width-initial elementor-widget elementor-widget-text-editor\" data-id=\"1ccfc9f1\" data-element_type=\"widget\" data-e-type=\"widget\" data-widget_type=\"text-editor.default\">\n\t\t\t\t<div class=\"elementor-widget-container\">\n\t\t\t\t\t\t\t\t\t<p>Zapraszamy<\/p>\t\t\t\t\t\t\t\t<\/div>\n\t\t\t\t<\/div>\n\t\t\t\t<div class=\"elementor-element elementor-element-57aa597 elementor-widget__width-initial dce_masking-none elementor-widget elementor-widget-image\" data-id=\"57aa597\" data-element_type=\"widget\" data-e-type=\"widget\" data-widget_type=\"image.default\">\n\t\t\t\t<div class=\"elementor-widget-container\">\n\t\t\t\t\t\t\t\t\t\t\t\t\t\t\t<img fetchpriority=\"high\" decoding=\"async\" width=\"514\" height=\"226\" src=\"https:\/\/tsj-tarasyszklane.pl\/wp-content\/uploads\/2021\/06\/tsj2.png\" class=\"attachment-large size-large wp-image-749\" alt=\"\" srcset=\"https:\/\/tsj-tarasyszklane.pl\/wp-content\/uploads\/2021\/06\/tsj2.png 514w, https:\/\/tsj-tarasyszklane.pl\/wp-content\/uploads\/2021\/06\/tsj2-300x132.png 300w\" sizes=\"(max-width: 514px) 100vw, 514px\" \/>\t\t\t\t\t\t\t\t\t\t\t\t\t\t\t<\/div>\n\t\t\t\t<\/div>\n\t\t\t\t\t<\/div>\n\t\t<\/div>\n\t\t\t\t<div class=\"elementor-column elementor-col-50 elementor-inner-column elementor-element elementor-element-2a98b5a1 elementor-invisible\" data-id=\"2a98b5a1\" data-element_type=\"column\" data-e-type=\"column\" data-settings=\"{&quot;animation&quot;:&quot;fadeInUp&quot;,&quot;animation_delay&quot;:800}\">\n\t\t\t<div class=\"elementor-widget-wrap elementor-element-populated\">\n\t\t\t\t\t\t<div data-dce-advanced-background-color=\"#FFFFFF\" class=\"elementor-element elementor-element-331fab5e elementor-button-align-center elementor-widget elementor-widget-form\" data-id=\"331fab5e\" data-element_type=\"widget\" data-e-type=\"widget\" data-settings=\"{&quot;step_next_label&quot;:&quot;Dalej&quot;,&quot;step_previous_label&quot;:&quot;Wstecz&quot;,&quot;button_width&quot;:&quot;100&quot;,&quot;dce_confirm_dialog_enabled&quot;:&quot;no&quot;,&quot;step_type&quot;:&quot;number_text&quot;,&quot;step_icon_shape&quot;:&quot;circle&quot;,&quot;label_icon_size&quot;:{&quot;unit&quot;:&quot;px&quot;,&quot;size&quot;:&quot;&quot;,&quot;sizes&quot;:[]},&quot;field_icon_size&quot;:{&quot;unit&quot;:&quot;px&quot;,&quot;size&quot;:&quot;&quot;,&quot;sizes&quot;:[]}}\" data-widget_type=\"form.default\">\n\t\t\t\t<div class=\"elementor-widget-container\">\n\t\t\t\t\t<div class=\"dce-conditions-js-error-notice elementor-message elementor-message-danger\" style=\"display: none;\">In dem folgenden Formular wurde ein Problem entdeckt. Das Absenden des Formulars k\u00f6nnte zu Fehlern f\u00fchren. Bitte wenden Sie sich an den Administrator der Website.<\/div>\t\t\t<script>\n\t\t\tsetTimeout(function() {\n\t\t\t\tlet el = document.querySelector(\".dce-conditions-js-error-notice\");\n\t\t\t\tif (el)\n\t\t\t\t\tel.style.display = \"block\";\n\t\t\t}, 6000);\n\t\t\t<\/script>\t\t<form class=\"elementor-form\" method=\"post\" name=\"New Form\" aria-label=\"New Form\">\n\t\t\t<input type=\"hidden\" name=\"post_id\" value=\"2546\"\/>\n\t\t\t<input type=\"hidden\" name=\"form_id\" value=\"331fab5e\"\/>\n\t\t\t<input type=\"hidden\" name=\"referer_title\" value=\"Wyce\u0144 us\u0142ug\u0119 - TSJ Tarasy szklane\" \/>\n\n\t\t\t\t\t\t\t<input type=\"hidden\" name=\"queried_id\" value=\"2546\"\/>\n\t\t\t\n\t\t\t<div data-field-conditions=\"[{&quot;id&quot;:&quot;field_bdb4e4d&quot;,&quot;condition&quot;:&quot;(field_ae87686 == &#039;Tak&#039;)&quot;,&quot;mode&quot;:&quot;show&quot;,&quot;disableOnly&quot;:false},{&quot;id&quot;:&quot;field_17e7144&quot;,&quot;condition&quot;:&quot;(field_9f90ab4 == &#039;Tak&#039;)&quot;,&quot;mode&quot;:&quot;show&quot;,&quot;disableOnly&quot;:false}]\" data-field-ids=\"[&quot;field_988c4b0&quot;,&quot;name&quot;,&quot;field_416285f&quot;,&quot;field_ff7d208&quot;,&quot;field_3bc21db&quot;,&quot;field_9b966c7&quot;,&quot;field_abe4101&quot;,&quot;field_2df2625&quot;,&quot;field_ae87686&quot;,&quot;field_bdb4e4d&quot;,&quot;field_9f90ab4&quot;,&quot;field_17e7144&quot;,&quot;field_2a43d6d&quot;,&quot;field_78afc31&quot;,&quot;field_9dea3f9&quot;,&quot;field_434a670&quot;,&quot;field_e6ba788&quot;,&quot;field_d960380&quot;,&quot;email&quot;,&quot;field_59d16ac&quot;,&quot;message&quot;,&quot;field_0b7231e&quot;,&quot;field_70227aa&quot;]\" class=\"elementor-form-fields-wrapper elementor-labels-above\">\n\t\t\t\t\t\t\t\t<div class=\"elementor-field-type-step elementor-field-group elementor-column elementor-field-group-field_988c4b0 elementor-col-100\">\n\t\t\t\t\t\t\t<div class=\"e-field-step elementor-hidden\" data-label=\"\" data-previousButton=\"\" data-nextButton=\"\" data-iconUrl=\"\" data-iconLibrary=\"fas fa-star\" data-icon=\"\" ><\/div>\n\n\t\t\t\t\t\t<\/div>\n\t\t\t\t\t\t\t\t<div class=\"elementor-field-type-text\">\n\t\t\t\t\t<input size=\"1\" type=\"text\" name=\"form_fields[name]\" id=\"form-field-name\" class=\"elementor-field elementor-size-sm \" style=\"display:none !important;\">\t\t\t\t<\/div>\n\t\t\t\t\t\t\t\t<div class=\"elementor-field-type-html elementor-field-group elementor-column elementor-field-group-field_416285f elementor-col-100\">\n\t\t\t\t\t<div style=\"font-size:20px;margin-bottom:0px;\">Podaj dane dotycz\u0105ce us\u0142ugi<\/div>\t\t\t\t<\/div>\n\t\t\t\t\t\t\t\t<div class=\"elementor-field-type-html elementor-field-group elementor-column elementor-field-group-field_ff7d208 elementor-col-100\">\n\t\t\t\t\t1. Wymiary ogrodu zimowego \/ tarasu\t\t\t\t<\/div>\n\t\t\t\t\t\t\t\t<div class=\"elementor-field-type-number elementor-field-group elementor-column elementor-field-group-field_3bc21db elementor-col-33 elementor-field-required\">\n\t\t\t\t\t\t\t\t<input type=\"number\" name=\"form_fields[field_3bc21db]\" id=\"form-field-field_3bc21db\" class=\"elementor-field elementor-size-sm  elementor-field-textual\" placeholder=\"Szeroko\u015b\u0107 (cm)\" required=\"required\" min=\"\" max=\"\" >\n\t\t\t\t\t\t<\/div>\n\t\t\t\t\t\t\t\t<div class=\"elementor-field-type-number elementor-field-group elementor-column elementor-field-group-field_9b966c7 elementor-col-33 elementor-field-required\">\n\t\t\t\t\t\t\t\t<input type=\"number\" name=\"form_fields[field_9b966c7]\" id=\"form-field-field_9b966c7\" class=\"elementor-field elementor-size-sm  elementor-field-textual\" placeholder=\"G\u0142\u0119boko\u015b\u0107 (cm)\" required=\"required\" min=\"\" max=\"\" >\n\t\t\t\t\t\t<\/div>\n\t\t\t\t\t\t\t\t<div class=\"elementor-field-type-number elementor-field-group elementor-column elementor-field-group-field_abe4101 elementor-col-33 elementor-field-required\">\n\t\t\t\t\t\t\t\t<input type=\"number\" name=\"form_fields[field_abe4101]\" id=\"form-field-field_abe4101\" class=\"elementor-field elementor-size-sm  elementor-field-textual\" placeholder=\"Wysoko\u015b\u0107 (cm)\" required=\"required\" min=\"\" max=\"\" >\n\t\t\t\t\t\t<\/div>\n\t\t\t\t\t\t\t\t<div class=\"elementor-field-type-html elementor-field-group elementor-column elementor-field-group-field_2df2625 elementor-col-100\">\n\t\t\t\t\t2. Szklane \u015bciany:\t\t\t\t<\/div>\n\t\t\t\t\t\t\t\t<div class=\"elementor-field-type-radio elementor-field-group elementor-column elementor-field-group-field_ae87686 elementor-col-30 elementor-field-required\">\n\t\t\t\t\t\t\t\t\t\t\t\t<label for=\"form-field-field_ae87686\" class=\"elementor-field-label\">\n\t\t\t\t\t\t\t\tPrzesuwne\t\t\t\t\t\t\t<\/label>\n\t\t\t\t\t\t<div class=\"elementor-field-subgroup  elementor-subgroup-inline\"><span class=\"elementor-field-option\"><input type=\"radio\" value=\"Tak\" id=\"form-field-field_ae87686-0\" name=\"form_fields[field_ae87686]\" required=\"required\"> <label for=\"form-field-field_ae87686-0\">Tak<\/label><\/span><span class=\"elementor-field-option\"><input type=\"radio\" value=\"Nie\" id=\"form-field-field_ae87686-1\" name=\"form_fields[field_ae87686]\" required=\"required\"> <label for=\"form-field-field_ae87686-1\">Nie<\/label><\/span><\/div>\t\t\t\t<\/div>\n\t\t\t\t\t\t\t\t<div class=\"elementor-field-type-number elementor-field-group elementor-column elementor-field-group-field_bdb4e4d elementor-col-20 elementor-field-required\">\n\t\t\t\t\t\t\t\t<input type=\"number\" name=\"form_fields[field_bdb4e4d]\" id=\"form-field-field_bdb4e4d\" class=\"elementor-field elementor-size-sm  elementor-field-textual\" placeholder=\"Ilo\u015b\u0107\" required=\"required\" min=\"\" max=\"\" >\n\t\t\t\t\t\t<\/div>\n\t\t\t\t\t\t\t\t<div class=\"elementor-field-type-radio elementor-field-group elementor-column elementor-field-group-field_9f90ab4 elementor-col-30 elementor-field-required\">\n\t\t\t\t\t\t\t\t\t\t\t\t<label for=\"form-field-field_9f90ab4\" class=\"elementor-field-label\">\n\t\t\t\t\t\t\t\tW sta\u0142ej zabudowie\t\t\t\t\t\t\t<\/label>\n\t\t\t\t\t\t<div class=\"elementor-field-subgroup  elementor-subgroup-inline\"><span class=\"elementor-field-option\"><input type=\"radio\" value=\"Tak\" id=\"form-field-field_9f90ab4-0\" name=\"form_fields[field_9f90ab4]\" required=\"required\"> <label for=\"form-field-field_9f90ab4-0\">Tak<\/label><\/span><span class=\"elementor-field-option\"><input type=\"radio\" value=\"Nie\" id=\"form-field-field_9f90ab4-1\" name=\"form_fields[field_9f90ab4]\" required=\"required\"> <label for=\"form-field-field_9f90ab4-1\">Nie<\/label><\/span><\/div>\t\t\t\t<\/div>\n\t\t\t\t\t\t\t\t<div class=\"elementor-field-type-number elementor-field-group elementor-column elementor-field-group-field_17e7144 elementor-col-20 elementor-field-required\">\n\t\t\t\t\t\t\t\t<input type=\"number\" name=\"form_fields[field_17e7144]\" id=\"form-field-field_17e7144\" class=\"elementor-field elementor-size-sm  elementor-field-textual\" placeholder=\"Ilo\u015b\u0107\" required=\"required\" min=\"\" max=\"\" >\n\t\t\t\t\t\t<\/div>\n\t\t\t\t\t\t\t\t<div class=\"elementor-field-type-text elementor-field-group elementor-column elementor-field-group-field_2a43d6d elementor-col-100 elementor-field-required\">\n\t\t\t\t\t\t\t\t\t\t\t\t<label for=\"form-field-field_2a43d6d\" class=\"elementor-field-label\">\n\t\t\t\t\t\t\t\t3. Miejsce wykonania us\u0142ugi\t\t\t\t\t\t\t<\/label>\n\t\t\t\t\t\t\t\t\t\t\t\t\t\t<input size=\"1\" type=\"text\" name=\"form_fields[field_2a43d6d]\" id=\"form-field-field_2a43d6d\" class=\"elementor-field elementor-size-sm  elementor-field-textual\" placeholder=\"Miasto, nr kodu pocztowego\" required=\"required\">\n\t\t\t\t\t\t\t\t\t\t\t<\/div>\n\t\t\t\t\t\t\t\t<div class=\"elementor-field-type-radio elementor-field-group elementor-column elementor-field-group-field_78afc31 elementor-col-100 elementor-field-required\">\n\t\t\t\t\t\t\t\t\t\t\t\t<label for=\"form-field-field_78afc31\" class=\"elementor-field-label\">\n\t\t\t\t\t\t\t\t4. Rodzaj zadaszenia\t\t\t\t\t\t\t<\/label>\n\t\t\t\t\t\t<div class=\"elementor-field-subgroup  elementor-subgroup-inline\"><span class=\"elementor-field-option\"><input type=\"radio\" value=\"Szk\u0142o bezpieczne 44.2\" id=\"form-field-field_78afc31-0\" name=\"form_fields[field_78afc31]\" required=\"required\"> <label for=\"form-field-field_78afc31-0\">Szk\u0142o bezpieczne 44.2<\/label><\/span><span class=\"elementor-field-option\"><input type=\"radio\" value=\"Poliw\u0119glan komorowy 16mm\" id=\"form-field-field_78afc31-1\" name=\"form_fields[field_78afc31]\" required=\"required\"> <label for=\"form-field-field_78afc31-1\">Poliw\u0119glan komorowy 16mm<\/label><\/span><\/div>\t\t\t\t<\/div>\n\t\t\t\t\t\t\t\t<div class=\"elementor-field-type-upload elementor-field-group elementor-column elementor-field-group-field_9dea3f9 elementor-col-100\">\n\t\t\t\t\t\t\t\t\t\t\t\t<label for=\"form-field-field_9dea3f9\" class=\"elementor-field-label\">\n\t\t\t\t\t\t\t\t<p>5. Za\u0142\u0105cz zdj\u0119cia miejsca, gdzie ma powsta\u0107 zadaszenie <\/p><p style=\"font-size:11px;\">(opcjonalnie)<\/p>\t\t\t\t\t\t\t<\/label>\n\t\t\t\t\t\t\t\t<input type=\"file\" name=\"form_fields[field_9dea3f9][]\" id=\"form-field-field_9dea3f9\" class=\"elementor-field elementor-size-sm  elementor-upload-field\" multiple=\"multiple\" data-maxsize=\"10\" data-maxsize-message=\"Diese Datei \u00fcberschreitet die maximal zul\u00e4ssige Gr\u00f6\u00dfe.\">\n\n\t\t\t\t\t\t<\/div>\n\t\t\t\t\t\t\t\t<div class=\"elementor-field-type-step elementor-field-group elementor-column elementor-field-group-field_434a670 elementor-col-100\">\n\t\t\t\t\t\t\t<div class=\"e-field-step elementor-hidden\" data-label=\"\" data-previousButton=\"\" data-nextButton=\"\" data-iconUrl=\"\" data-iconLibrary=\"fas fa-star\" data-icon=\"\" ><\/div>\n\n\t\t\t\t\t\t<\/div>\n\t\t\t\t\t\t\t\t<div class=\"elementor-field-type-html elementor-field-group elementor-column elementor-field-group-field_e6ba788 elementor-col-100\">\n\t\t\t\t\t<div style=\"font-size:20px;margin-bottom:20px;\">Podaj swoje dane do kontaktu<\/div>\t\t\t\t<\/div>\n\t\t\t\t\t\t\t\t<div class=\"elementor-field-type-text elementor-field-group elementor-column elementor-field-group-field_d960380 elementor-col-100 elementor-field-required\">\n\t\t\t\t\t\t\t\t\t\t\t\t\t<input size=\"1\" type=\"text\" name=\"form_fields[field_d960380]\" id=\"form-field-field_d960380\" class=\"elementor-field elementor-size-sm  elementor-field-textual\" placeholder=\"Imi\u0119 i nazwisko\" required=\"required\">\n\t\t\t\t\t\t\t\t\t\t\t<\/div>\n\t\t\t\t\t\t\t\t<div class=\"elementor-field-type-email elementor-field-group elementor-column elementor-field-group-email elementor-col-100 elementor-field-required\">\n\t\t\t\t\t\t\t\t\t\t\t\t\t<input size=\"1\" type=\"email\" name=\"form_fields[email]\" id=\"form-field-email\" class=\"elementor-field elementor-size-sm  elementor-field-textual\" placeholder=\"Adres E-mail\" required=\"required\">\n\t\t\t\t\t\t\t\t\t\t\t<\/div>\n\t\t\t\t\t\t\t\t<div class=\"elementor-field-type-tel elementor-field-group elementor-column elementor-field-group-field_59d16ac elementor-col-100 elementor-field-required\">\n\t\t\t\t\t\t\t<input size=\"1\" type=\"tel\" name=\"form_fields[field_59d16ac]\" id=\"form-field-field_59d16ac\" class=\"elementor-field elementor-size-sm  elementor-field-textual\" placeholder=\"Numer tel.\" required=\"required\" pattern=\"[0-9()#&amp;+*-=.]+\" title=\"Es werden nur Zahlen und Telefonzeichen (#, -, *, usw.) akzeptiert.\">\n\n\t\t\t\t\t\t<\/div>\n\t\t\t\t\t\t\t\t<div class=\"elementor-field-type-textarea elementor-field-group elementor-column elementor-field-group-message elementor-col-100\">\n\t\t\t\t\t\t\t\t\t\t\t\t<label for=\"form-field-message\" class=\"elementor-field-label\">\n\t\t\t\t\t\t\t\tUwagi \/ pytania\t\t\t\t\t\t\t<\/label>\n\t\t\t\t\t\t<textarea class=\"elementor-field-textual elementor-field  elementor-size-sm\" name=\"form_fields[message]\" id=\"form-field-message\" rows=\"2\" placeholder=\"Je\u015bli masz jakie\u015b uwagi lub pytania, mo\u017cesz je wpisa\u0107 tutaj.\"><\/textarea>\t\t\t\t<\/div>\n\t\t\t\t\t\t\t\t<div class=\"elementor-field-type-acceptance elementor-field-group elementor-column elementor-field-group-field_0b7231e elementor-col-100 elementor-field-required\">\n\t\t\t\t\t\t\t<div class=\"elementor-field-subgroup\">\n\t\t\t<span class=\"elementor-field-option\">\n\t\t\t\t<input type=\"checkbox\" name=\"form_fields[field_0b7231e]\" id=\"form-field-field_0b7231e\" class=\"elementor-field elementor-size-sm  elementor-acceptance-field\" required=\"required\">\n\t\t\t\t<label for=\"form-field-field_0b7231e\">Wyra\u017cam zgod\u0119 na przetwarzanie danych osobowych. Wi\u0119cej informacji <a href=\"https:\/\/tsj-tarasyszklane.pl\/polityka-prywatnosci\" target=\"blank\">tutaj<\/a>. Ta strona jest chroniona przez reCAPTCHA i Google. Obowi\u0105zuj\u0105: <a href=\"https:\/\/policies.google.com\/privacy\" target=\"blank\" rel=\"noopener\">Polityka prywatno\u015bci Google<\/a> i <a href=\"https:\/\/policies.google.com\/terms\" target=\"blank\" rel=\"noopener\">Warunki korzystania z us\u0142ugi<\/a>.<\/label>\t\t\t<\/span>\n\t\t<\/div>\n\t\t\t\t\t\t<\/div>\n\t\t\t\t\t\t\t\t<div class=\"elementor-field-type-recaptcha_v3 elementor-field-group elementor-column elementor-field-group-field_70227aa elementor-col-100 recaptcha_v3-inline\">\n\t\t\t\t\t<div class=\"elementor-field\" id=\"form-field-field_70227aa\"><div class=\"elementor-g-recaptcha\" data-sitekey=\"6Lc_TDMeAAAAAIFmjjHg1YsV5Tn3YJzFZipuZHkx\" data-type=\"v3\" data-action=\"Form\" data-badge=\"inline\" data-size=\"invisible\"><\/div><\/div>\t\t\t\t<\/div>\n\t\t\t\t\t\t\t\t<div class=\"elementor-field-group elementor-column elementor-field-type-submit elementor-col-100 e-form__buttons\">\n\t\t\t\t\t<button class=\"elementor-button elementor-size-sm\" type=\"submit\">\n\t\t\t\t\t\t<span class=\"elementor-button-content-wrapper\">\n\t\t\t\t\t\t\t\t\t\t\t\t\t\t\t\t\t\t\t\t\t\t<span class=\"elementor-button-text\">Wy\u015blij<\/span>\n\t\t\t\t\t\t\t\t\t\t\t\t\t<\/span>\n\t\t\t\t\t<\/button>\n\t\t\t\t<\/div>\n\t\t\t<\/div>\n\t\t<\/form>\n\t\t\t\t\t\t<\/div>\n\t\t\t\t<\/div>\n\t\t\t\t\t<\/div>\n\t\t<\/div>\n\t\t\t\t\t<\/div>\n\t\t<\/section>\n\t\t\t\t\t<\/div>\n\t\t<\/div>\n\t\t\t\t\t<\/div>\n\t\t<\/section>\n\t\t\t\t<\/div>\n\t\t","protected":false},"excerpt":{"rendered":"<p>Vielen Dank f\u00fcr Ihr Interesse an unserem Angebot. Wir sind daf\u00fcr da, Ihren Traum vom eigenen Wintergarten wahr werden zu lassen. Um Ihnen ein individuelles Angebot erstellen zu k\u00f6nnen, bitten wir Sie, alle Felder des Formulars auszuf\u00fcllen. Wir versichern Ihnen, dass die von Ihnen angegebenen Daten nur zur Erf\u00fcllung Ihrer Anfrage verwendet werden. Wir werden Ihnen so schnell wie m\u00f6glich ein Angebot erstellen. Sie sind herzlich willkommen<\/p>","protected":false},"author":1,"featured_media":0,"parent":0,"menu_order":0,"comment_status":"closed","ping_status":"closed","template":"","meta":{"_acf_changed":false,"footnotes":""},"class_list":["post-2546","page","type-page","status-publish","hentry"],"acf":[],"_links":{"self":[{"href":"https:\/\/tsj-tarasyszklane.pl\/de\/wp-json\/wp\/v2\/pages\/2546","targetHints":{"allow":["GET"]}}],"collection":[{"href":"https:\/\/tsj-tarasyszklane.pl\/de\/wp-json\/wp\/v2\/pages"}],"about":[{"href":"https:\/\/tsj-tarasyszklane.pl\/de\/wp-json\/wp\/v2\/types\/page"}],"author":[{"embeddable":true,"href":"https:\/\/tsj-tarasyszklane.pl\/de\/wp-json\/wp\/v2\/users\/1"}],"replies":[{"embeddable":true,"href":"https:\/\/tsj-tarasyszklane.pl\/de\/wp-json\/wp\/v2\/comments?post=2546"}],"version-history":[{"count":94,"href":"https:\/\/tsj-tarasyszklane.pl\/de\/wp-json\/wp\/v2\/pages\/2546\/revisions"}],"predecessor-version":[{"id":4494,"href":"https:\/\/tsj-tarasyszklane.pl\/de\/wp-json\/wp\/v2\/pages\/2546\/revisions\/4494"}],"wp:attachment":[{"href":"https:\/\/tsj-tarasyszklane.pl\/de\/wp-json\/wp\/v2\/media?parent=2546"}],"curies":[{"name":"wp","href":"https:\/\/api.w.org\/{rel}","templated":true}]}}