{"id":18,"date":"2021-05-19T07:46:44","date_gmt":"2021-05-19T07:46:44","guid":{"rendered":"https:\/\/test2.agencjareklamowar3.pl\/?page_id=18"},"modified":"2024-03-26T15:14:45","modified_gmt":"2024-03-26T14:14:45","slug":"uber-das-unternehmen","status":"publish","type":"page","link":"https:\/\/tsj-tarasyszklane.pl\/de\/uber-das-unternehmen\/","title":{"rendered":"\u00dcber TSJ"},"content":{"rendered":"<div data-elementor-type=\"wp-page\" data-elementor-id=\"18\" class=\"elementor elementor-18\" data-elementor-post-type=\"page\">\n\t\t\t\t\t\t<section class=\"elementor-section elementor-top-section elementor-element elementor-element-8e1c2cf elementor-reverse-mobile elementor-reverse-tablet elementor-section-boxed elementor-section-height-default elementor-section-height-default\" data-id=\"8e1c2cf\" data-element_type=\"section\" data-e-type=\"section\">\n\t\t\t\t\t\t<div class=\"elementor-container elementor-column-gap-wider\">\n\t\t\t\t\t<div class=\"elementor-column elementor-col-50 elementor-top-column elementor-element elementor-element-7bbd9b4\" data-id=\"7bbd9b4\" data-element_type=\"column\" data-e-type=\"column\" data-settings=\"{&quot;background_background&quot;:&quot;classic&quot;}\">\n\t\t\t<div class=\"elementor-widget-wrap elementor-element-populated\">\n\t\t\t\t\t\t<div class=\"elementor-element elementor-element-272df42 dce_masking-none elementor-widget elementor-widget-image\" data-id=\"272df42\" data-element_type=\"widget\" data-e-type=\"widget\" data-widget_type=\"image.default\">\n\t\t\t\t<div class=\"elementor-widget-container\">\n\t\t\t\t\t\t\t\t\t\t\t\t\t\t\t<img fetchpriority=\"high\" decoding=\"async\" width=\"800\" height=\"594\" src=\"https:\/\/tsj-tarasyszklane.pl\/wp-content\/uploads\/2021\/05\/168726802_281153046912754_2612959621459298089_n-1024x760.jpg\" class=\"attachment-large size-large wp-image-52\" alt=\"Glasterrassen\" srcset=\"https:\/\/tsj-tarasyszklane.pl\/wp-content\/uploads\/2021\/05\/168726802_281153046912754_2612959621459298089_n-1024x760.jpg 1024w, https:\/\/tsj-tarasyszklane.pl\/wp-content\/uploads\/2021\/05\/168726802_281153046912754_2612959621459298089_n-300x223.jpg 300w, https:\/\/tsj-tarasyszklane.pl\/wp-content\/uploads\/2021\/05\/168726802_281153046912754_2612959621459298089_n-768x570.jpg 768w, https:\/\/tsj-tarasyszklane.pl\/wp-content\/uploads\/2021\/05\/168726802_281153046912754_2612959621459298089_n-1536x1140.jpg 1536w, https:\/\/tsj-tarasyszklane.pl\/wp-content\/uploads\/2021\/05\/168726802_281153046912754_2612959621459298089_n.jpg 1200w\" sizes=\"(max-width: 800px) 100vw, 800px\" \/>\t\t\t\t\t\t\t\t\t\t\t\t\t\t\t<\/div>\n\t\t\t\t<\/div>\n\t\t\t\t<div class=\"elementor-element elementor-element-bec41f9 elementor-widget__width-initial elementor-absolute dce_masking-none elementor-widget elementor-widget-image\" data-id=\"bec41f9\" data-element_type=\"widget\" data-e-type=\"widget\" data-settings=\"{&quot;_position&quot;:&quot;absolute&quot;}\" data-widget_type=\"image.default\">\n\t\t\t\t<div class=\"elementor-widget-container\">\n\t\t\t\t\t\t\t\t\t\t\t\t\t\t\t<img decoding=\"async\" width=\"684\" height=\"487\" src=\"https:\/\/tsj-tarasyszklane.pl\/wp-content\/uploads\/2021\/05\/przesuwna-sciana.png\" class=\"attachment-large size-large wp-image-48\" alt=\"\" srcset=\"https:\/\/tsj-tarasyszklane.pl\/wp-content\/uploads\/2021\/05\/przesuwna-sciana.png 684w, https:\/\/tsj-tarasyszklane.pl\/wp-content\/uploads\/2021\/05\/przesuwna-sciana-300x214.png 300w\" sizes=\"(max-width: 684px) 100vw, 684px\" \/>\t\t\t\t\t\t\t\t\t\t\t\t\t\t\t<\/div>\n\t\t\t\t<\/div>\n\t\t\t\t<div class=\"elementor-element elementor-element-c7a0d77 elementor-widget__width-initial elementor-absolute elementor-widget-tablet__width-initial dce_masking-none elementor-widget elementor-widget-image\" data-id=\"c7a0d77\" data-element_type=\"widget\" data-e-type=\"widget\" data-settings=\"{&quot;_position&quot;:&quot;absolute&quot;}\" data-widget_type=\"image.default\">\n\t\t\t\t<div class=\"elementor-widget-container\">\n\t\t\t\t\t\t\t\t\t\t\t\t\t\t\t<img decoding=\"async\" width=\"800\" height=\"600\" src=\"https:\/\/tsj-tarasyszklane.pl\/wp-content\/uploads\/2021\/05\/157799874_263624468665612_788749845589131245_n-1.jpg\" class=\"attachment-large size-large wp-image-97\" alt=\"Terrassen\u00fcberdachung\" srcset=\"https:\/\/tsj-tarasyszklane.pl\/wp-content\/uploads\/2021\/05\/157799874_263624468665612_788749845589131245_n-1.jpg 960w, https:\/\/tsj-tarasyszklane.pl\/wp-content\/uploads\/2021\/05\/157799874_263624468665612_788749845589131245_n-1-300x225.jpg 300w, https:\/\/tsj-tarasyszklane.pl\/wp-content\/uploads\/2021\/05\/157799874_263624468665612_788749845589131245_n-1-768x576.jpg 768w\" sizes=\"(max-width: 800px) 100vw, 800px\" \/>\t\t\t\t\t\t\t\t\t\t\t\t\t\t\t<\/div>\n\t\t\t\t<\/div>\n\t\t\t\t\t<\/div>\n\t\t<\/div>\n\t\t\t\t<div data-dce-background-image-url=\"https:\/\/tsj-tarasyszklane.pl\/wp-content\/uploads\/2021\/06\/tsj-linia-\u2014-lewo.png\" class=\"elementor-column elementor-col-50 elementor-top-column elementor-element elementor-element-4e80b73\" data-id=\"4e80b73\" data-element_type=\"column\" data-e-type=\"column\" data-settings=\"{&quot;background_background&quot;:&quot;classic&quot;}\">\n\t\t\t<div class=\"elementor-widget-wrap elementor-element-populated\">\n\t\t\t\t\t\t<div class=\"elementor-element elementor-element-1d1f36c elementor-widget elementor-widget-heading\" data-id=\"1d1f36c\" data-element_type=\"widget\" data-e-type=\"widget\" data-widget_type=\"heading.default\">\n\t\t\t\t<div class=\"elementor-widget-container\">\n\t\t\t\t\t<h2 class=\"elementor-heading-title elementor-size-default\">TSJ Glas-Terrassen<\/h2>\t\t\t\t<\/div>\n\t\t\t\t<\/div>\n\t\t\t\t<div class=\"elementor-element elementor-element-8fc28f4 elementor-widget elementor-widget-text-editor\" data-id=\"8fc28f4\" data-element_type=\"widget\" data-e-type=\"widget\" data-widget_type=\"text-editor.default\">\n\t\t\t\t<div class=\"elementor-widget-container\">\n\t\t\t\t\t\t\t\t\t<p>Wir bieten Ihnen hochwertiges Aluminium <a href=\"https:\/\/tsj-tarasyszklane.pl\/de\/glasterrassen\/\">Glasterrassen<\/a>, <a href=\"https:\/\/tsj-tarasyszklane.pl\/de\/wintergarten-2\/\">Winterg\u00e4rten<\/a> und <a href=\"https:\/\/tsj-tarasyszklane.pl\/de\/pergola\/\">Pergolen<\/a> auf h\u00f6chstem Niveau.<\/p><p>Wir bieten auch Terrassend\u00e4cher in einer Vielzahl von Farben und Stilen mit Glas- oder Polycarbonatverkleidung sowie elegante Verglasungen f\u00fcr die Schiebe- oder Festw\u00e4nde unserer Winterg\u00e4rten.<\/p><p>Dar\u00fcber hinaus bieten wir Ihnen je nach Geschmack und Vorliebe eine Vielzahl zus\u00e4tzlicher Optionen und Zubeh\u00f6rteile, wie z. B. eine Seitentaste, eine feste Seitenwand, eine Glasschiebewand oder LED-Beleuchtung.<\/p>\t\t\t\t\t\t\t\t<\/div>\n\t\t\t\t<\/div>\n\t\t\t\t<div class=\"elementor-element elementor-element-9d21deb elementor-icon-list--layout-traditional elementor-list-item-link-full_width elementor-widget elementor-widget-icon-list\" data-id=\"9d21deb\" data-element_type=\"widget\" data-e-type=\"widget\" data-widget_type=\"icon-list.default\">\n\t\t\t\t<div class=\"elementor-widget-container\">\n\t\t\t\t\t\t\t<ul class=\"elementor-icon-list-items\">\n\t\t\t\t\t\t\t<li class=\"elementor-icon-list-item\">\n\t\t\t\t\t\t\t\t\t\t\t<span class=\"elementor-icon-list-icon\">\n\t\t\t\t\t\t\t<i aria-hidden=\"true\" class=\"fas fa-check\"><\/i>\t\t\t\t\t\t<\/span>\n\t\t\t\t\t\t\t\t\t\t<span class=\"elementor-icon-list-text\">Wir verwenden nur hochwertige Materialien<\/span>\n\t\t\t\t\t\t\t\t\t<\/li>\n\t\t\t\t\t\t\t\t<li class=\"elementor-icon-list-item\">\n\t\t\t\t\t\t\t\t\t\t\t<span class=\"elementor-icon-list-icon\">\n\t\t\t\t\t\t\t<i aria-hidden=\"true\" class=\"fas fa-check\"><\/i>\t\t\t\t\t\t<\/span>\n\t\t\t\t\t\t\t\t\t\t<span class=\"elementor-icon-list-text\">Unsere Systeme sind CE-zertifiziert f\u00fcr Sicherheit<\/span>\n\t\t\t\t\t\t\t\t\t<\/li>\n\t\t\t\t\t\t\t\t<li class=\"elementor-icon-list-item\">\n\t\t\t\t\t\t\t\t\t\t\t<span class=\"elementor-icon-list-icon\">\n\t\t\t\t\t\t\t<i aria-hidden=\"true\" class=\"fas fa-check\"><\/i>\t\t\t\t\t\t<\/span>\n\t\t\t\t\t\t\t\t\t\t<span class=\"elementor-icon-list-text\">Messung und Preisgestaltung <b><span style=\"color: #CE1A21\">GRATIS<\/span><\/b><\/span>\n\t\t\t\t\t\t\t\t\t<\/li>\n\t\t\t\t\t\t<\/ul>\n\t\t\t\t\t\t<\/div>\n\t\t\t\t<\/div>\n\t\t\t\t<div class=\"elementor-element elementor-element-3b66047 elementor-widget elementor-widget-button\" data-id=\"3b66047\" data-element_type=\"widget\" data-e-type=\"widget\" data-widget_type=\"button.default\">\n\t\t\t\t<div class=\"elementor-widget-container\">\n\t\t\t\t\t\t\t\t\t<div class=\"elementor-button-wrapper\">\n\t\t\t\t\t<a class=\"elementor-button elementor-button-link elementor-size-md\" href=\"https:\/\/tsj-tarasyszklane.pl\/de\/angebot\/\">\n\t\t\t\t\t\t<span class=\"elementor-button-content-wrapper\">\n\t\t\t\t\t\t<span class=\"elementor-button-icon\">\n\t\t\t\t<i aria-hidden=\"true\" class=\"fas fa-angle-right\"><\/i>\t\t\t<\/span>\n\t\t\t\t\t\t\t\t\t<span class=\"elementor-button-text\">PORTFOLIO<\/span>\n\t\t\t\t\t<\/span>\n\t\t\t\t\t<\/a>\n\t\t\t\t<\/div>\n\t\t\t\t\t\t\t\t<\/div>\n\t\t\t\t<\/div>\n\t\t\t\t\t<\/div>\n\t\t<\/div>\n\t\t\t\t\t<\/div>\n\t\t<\/section>\n\t\t\t\t<section class=\"elementor-section elementor-top-section elementor-element elementor-element-1e4425d elementor-section-boxed elementor-section-height-default elementor-section-height-default\" data-id=\"1e4425d\" data-element_type=\"section\" data-e-type=\"section\" data-settings=\"{&quot;background_background&quot;:&quot;classic&quot;}\">\n\t\t\t\t\t\t<div class=\"elementor-container elementor-column-gap-wider\">\n\t\t\t\t\t<div class=\"elementor-column elementor-col-50 elementor-top-column elementor-element elementor-element-008ef11\" data-id=\"008ef11\" data-element_type=\"column\" data-e-type=\"column\">\n\t\t\t<div class=\"elementor-widget-wrap elementor-element-populated\">\n\t\t\t\t\t\t<div class=\"elementor-element elementor-element-4ed9463 elementor-widget elementor-widget-heading\" data-id=\"4ed9463\" data-element_type=\"widget\" data-e-type=\"widget\" data-widget_type=\"heading.default\">\n\t\t\t\t<div class=\"elementor-widget-container\">\n\t\t\t\t\t<h2 class=\"elementor-heading-title elementor-size-default\">Hochwertiges Aluminium<\/h2>\t\t\t\t<\/div>\n\t\t\t\t<\/div>\n\t\t\t\t<div class=\"elementor-element elementor-element-e4893a5 elementor-widget elementor-widget-text-editor\" data-id=\"e4893a5\" data-element_type=\"widget\" data-e-type=\"widget\" data-widget_type=\"text-editor.default\">\n\t\t\t\t<div class=\"elementor-widget-container\">\n\t\t\t\t\t\t\t\t\t<p>Ein Aluminiumdach mit Glas- oder Polycarbonatverkleidung ist eine stilvolle Erweiterung Ihres Hauses. Wir arbeiten mit hochwertigem Aluminium und mit unserem modularen System sind die Gestaltungsm\u00f6glichkeiten endlos und passen zu jedem Stil. Aluminium ist au\u00dferdem sehr robust, witterungsbest\u00e4ndig und erfordert nur wenig Wartung.<\/p>\t\t\t\t\t\t\t\t<\/div>\n\t\t\t\t<\/div>\n\t\t\t\t<div class=\"elementor-element elementor-element-c422e6a elementor-widget elementor-widget-heading\" data-id=\"c422e6a\" data-element_type=\"widget\" data-e-type=\"widget\" data-widget_type=\"heading.default\">\n\t\t\t\t<div class=\"elementor-widget-container\">\n\t\t\t\t\t<h2 class=\"elementor-heading-title elementor-size-default\">Funktionale Schiebew\u00e4nde<\/h2>\t\t\t\t<\/div>\n\t\t\t\t<\/div>\n\t\t\t\t<div class=\"elementor-element elementor-element-2690f77 elementor-widget elementor-widget-text-editor\" data-id=\"2690f77\" data-element_type=\"widget\" data-e-type=\"widget\" data-widget_type=\"text-editor.default\">\n\t\t\t\t<div class=\"elementor-widget-container\">\n\t\t\t\t\t\t\t\t\t<p>Die Glasschiebewand sch\u00fctzt auch vor Wetter und Wind. So k\u00f6nnen Sie auch bei schlechtem Wetter ein tolles Outdoor-Erlebnis genie\u00dfen.<br \/>Unsere Glasschiebew\u00e4nde eignen sich auch ideal f\u00fcr die Verglasung von Balkonen. So k\u00f6nnen Sie Ihren Au\u00dfenbereich l\u00e4nger genie\u00dfen und behalten die Freiheit zu entscheiden, ob Sie die W\u00e4nde \u00f6ffnen oder schlie\u00dfen m\u00f6chten.<\/p>\t\t\t\t\t\t\t\t<\/div>\n\t\t\t\t<\/div>\n\t\t\t\t\t<\/div>\n\t\t<\/div>\n\t\t\t\t<div class=\"elementor-column elementor-col-50 elementor-top-column elementor-element elementor-element-22418d9\" data-id=\"22418d9\" data-element_type=\"column\" data-e-type=\"column\" data-settings=\"{&quot;background_background&quot;:&quot;classic&quot;}\">\n\t\t\t<div class=\"elementor-widget-wrap elementor-element-populated\">\n\t\t\t\t\t\t<div class=\"elementor-element elementor-element-56b750d dce_masking-none elementor-widget elementor-widget-image\" data-id=\"56b750d\" data-element_type=\"widget\" data-e-type=\"widget\" data-widget_type=\"image.default\">\n\t\t\t\t<div class=\"elementor-widget-container\">\n\t\t\t\t\t\t\t\t\t\t\t\t\t\t\t<img loading=\"lazy\" decoding=\"async\" width=\"800\" height=\"600\" src=\"https:\/\/tsj-tarasyszklane.pl\/wp-content\/uploads\/2021\/05\/175288815_290327772661948_5913858110744534955_n.jpg\" class=\"attachment-large size-large wp-image-118\" alt=\"\" srcset=\"https:\/\/tsj-tarasyszklane.pl\/wp-content\/uploads\/2021\/05\/175288815_290327772661948_5913858110744534955_n.jpg 960w, https:\/\/tsj-tarasyszklane.pl\/wp-content\/uploads\/2021\/05\/175288815_290327772661948_5913858110744534955_n-300x225.jpg 300w, https:\/\/tsj-tarasyszklane.pl\/wp-content\/uploads\/2021\/05\/175288815_290327772661948_5913858110744534955_n-768x576.jpg 768w\" sizes=\"(max-width: 800px) 100vw, 800px\" \/>\t\t\t\t\t\t\t\t\t\t\t\t\t\t\t<\/div>\n\t\t\t\t<\/div>\n\t\t\t\t<div class=\"elementor-element elementor-element-a75c3fa elementor-widget__width-initial elementor-absolute dce_masking-none elementor-widget elementor-widget-image\" data-id=\"a75c3fa\" data-element_type=\"widget\" data-e-type=\"widget\" data-settings=\"{&quot;_position&quot;:&quot;absolute&quot;}\" data-widget_type=\"image.default\">\n\t\t\t\t<div class=\"elementor-widget-container\">\n\t\t\t\t\t\t\t\t\t\t\t\t\t\t\t<img loading=\"lazy\" decoding=\"async\" width=\"720\" height=\"960\" src=\"https:\/\/tsj-tarasyszklane.pl\/wp-content\/uploads\/2021\/05\/175086246_290327652661960_7198189369992708649_n.jpg\" class=\"attachment-large size-large wp-image-120\" alt=\"\" srcset=\"https:\/\/tsj-tarasyszklane.pl\/wp-content\/uploads\/2021\/05\/175086246_290327652661960_7198189369992708649_n.jpg 720w, https:\/\/tsj-tarasyszklane.pl\/wp-content\/uploads\/2021\/05\/175086246_290327652661960_7198189369992708649_n-225x300.jpg 225w\" sizes=\"(max-width: 720px) 100vw, 720px\" \/>\t\t\t\t\t\t\t\t\t\t\t\t\t\t\t<\/div>\n\t\t\t\t<\/div>\n\t\t\t\t\t<\/div>\n\t\t<\/div>\n\t\t\t\t\t<\/div>\n\t\t<\/section>\n\t\t\t\t<section class=\"elementor-section elementor-top-section elementor-element elementor-element-8f61ae7 elementor-section-boxed elementor-section-height-default elementor-section-height-default\" data-id=\"8f61ae7\" data-element_type=\"section\" data-e-type=\"section\">\n\t\t\t\t\t\t<div class=\"elementor-container elementor-column-gap-wider\">\n\t\t\t\t\t<div class=\"elementor-column elementor-col-100 elementor-top-column elementor-element elementor-element-81de96b\" data-id=\"81de96b\" data-element_type=\"column\" data-e-type=\"column\">\n\t\t\t<div class=\"elementor-widget-wrap elementor-element-populated\">\n\t\t\t\t\t\t<div class=\"elementor-element elementor-element-b2ca959 elementor-widget elementor-widget-heading\" data-id=\"b2ca959\" data-element_type=\"widget\" data-e-type=\"widget\" data-widget_type=\"heading.default\">\n\t\t\t\t<div class=\"elementor-widget-container\">\n\t\t\t\t\t<h2 class=\"elementor-heading-title elementor-size-default\">Was zeichnet uns aus?<\/h2>\t\t\t\t<\/div>\n\t\t\t\t<\/div>\n\t\t\t\t<section class=\"elementor-section elementor-inner-section elementor-element elementor-element-f80cc7c elementor-section-boxed elementor-section-height-default elementor-section-height-default\" data-id=\"f80cc7c\" data-element_type=\"section\" data-e-type=\"section\">\n\t\t\t\t\t\t<div class=\"elementor-container elementor-column-gap-default\">\n\t\t\t\t\t<div class=\"elementor-column elementor-col-33 elementor-inner-column elementor-element elementor-element-8f22a80\" data-id=\"8f22a80\" data-element_type=\"column\" data-e-type=\"column\">\n\t\t\t<div class=\"elementor-widget-wrap elementor-element-populated\">\n\t\t\t\t\t\t<div class=\"elementor-element elementor-element-6848469 elementor-view-stacked elementor-shape-circle elementor-position-block-start elementor-mobile-position-block-start elementor-widget elementor-widget-icon-box\" data-id=\"6848469\" data-element_type=\"widget\" data-e-type=\"widget\" data-widget_type=\"icon-box.default\">\n\t\t\t\t<div class=\"elementor-widget-container\">\n\t\t\t\t\t\t\t<div class=\"elementor-icon-box-wrapper\">\n\n\t\t\t\t\t\t<div class=\"elementor-icon-box-icon\">\n\t\t\t\t<span  class=\"elementor-icon\">\n\t\t\t\t<i aria-hidden=\"true\" class=\"fas fa-pencil-ruler\"><\/i>\t\t\t\t<\/span>\n\t\t\t<\/div>\n\t\t\t\n\t\t\t\t\t\t<div class=\"elementor-icon-box-content\">\n\n\t\t\t\t\t\t\t\t\t<h3 class=\"elementor-icon-box-title\">\n\t\t\t\t\t\t<span  >\n\t\t\t\t\t\t\tMa\u00dfgeschneiderte Terrasse\t\t\t\t\t\t<\/span>\n\t\t\t\t\t<\/h3>\n\t\t\t\t\n\t\t\t\t\t\t\t\t\t<p class=\"elementor-icon-box-description\">\n\t\t\t\t\t\tWir haben keine Angst vor Herausforderungen \ud83d\ude42 Wir fertigen Terrassen\u00fcberdachungen und Glasschiebew\u00e4nde nach individuellen Kundenw\u00fcnschen.\t\t\t\t\t<\/p>\n\t\t\t\t\n\t\t\t<\/div>\n\t\t\t\n\t\t<\/div>\n\t\t\t\t\t\t<\/div>\n\t\t\t\t<\/div>\n\t\t\t\t\t<\/div>\n\t\t<\/div>\n\t\t\t\t<div class=\"elementor-column elementor-col-33 elementor-inner-column elementor-element elementor-element-c6a2b96\" data-id=\"c6a2b96\" data-element_type=\"column\" data-e-type=\"column\">\n\t\t\t<div class=\"elementor-widget-wrap elementor-element-populated\">\n\t\t\t\t\t\t<div class=\"elementor-element elementor-element-499e5da elementor-view-stacked elementor-shape-circle elementor-position-block-start elementor-mobile-position-block-start elementor-widget elementor-widget-icon-box\" data-id=\"499e5da\" data-element_type=\"widget\" data-e-type=\"widget\" data-widget_type=\"icon-box.default\">\n\t\t\t\t<div class=\"elementor-widget-container\">\n\t\t\t\t\t\t\t<div class=\"elementor-icon-box-wrapper\">\n\n\t\t\t\t\t\t<div class=\"elementor-icon-box-icon\">\n\t\t\t\t<span  class=\"elementor-icon\">\n\t\t\t\t<i aria-hidden=\"true\" class=\"far fa-calendar-check\"><\/i>\t\t\t\t<\/span>\n\t\t\t<\/div>\n\t\t\t\n\t\t\t\t\t\t<div class=\"elementor-icon-box-content\">\n\n\t\t\t\t\t\t\t\t\t<h3 class=\"elementor-icon-box-title\">\n\t\t\t\t\t\t<span  >\n\t\t\t\t\t\t\tKurze Fristen\t\t\t\t\t\t<\/span>\n\t\t\t\t\t<\/h3>\n\t\t\t\t\n\t\t\t\t\t\t\t\t\t<p class=\"elementor-icon-box-description\">\n\t\t\t\t\t\tWir bieten schnelle Lieferzeiten inklusive Montage und sehr attraktive Preise - rufen Sie uns an und wir erstellen Ihnen das beste Angebot.\t\t\t\t\t<\/p>\n\t\t\t\t\n\t\t\t<\/div>\n\t\t\t\n\t\t<\/div>\n\t\t\t\t\t\t<\/div>\n\t\t\t\t<\/div>\n\t\t\t\t\t<\/div>\n\t\t<\/div>\n\t\t\t\t<div class=\"elementor-column elementor-col-33 elementor-inner-column elementor-element elementor-element-ca7ccaf\" data-id=\"ca7ccaf\" data-element_type=\"column\" data-e-type=\"column\">\n\t\t\t<div class=\"elementor-widget-wrap elementor-element-populated\">\n\t\t\t\t\t\t<div class=\"elementor-element elementor-element-c6909fb elementor-view-stacked elementor-shape-circle elementor-position-block-start elementor-mobile-position-block-start elementor-widget elementor-widget-icon-box\" data-id=\"c6909fb\" data-element_type=\"widget\" data-e-type=\"widget\" data-widget_type=\"icon-box.default\">\n\t\t\t\t<div class=\"elementor-widget-container\">\n\t\t\t\t\t\t\t<div class=\"elementor-icon-box-wrapper\">\n\n\t\t\t\t\t\t<div class=\"elementor-icon-box-icon\">\n\t\t\t\t<span  class=\"elementor-icon\">\n\t\t\t\t<i aria-hidden=\"true\" class=\"fas fa-money-check\"><\/i>\t\t\t\t<\/span>\n\t\t\t<\/div>\n\t\t\t\n\t\t\t\t\t\t<div class=\"elementor-icon-box-content\">\n\n\t\t\t\t\t\t\t\t\t<h3 class=\"elementor-icon-box-title\">\n\t\t\t\t\t\t<span  >\n\t\t\t\t\t\t\tFlexible Bezahlung\t\t\t\t\t\t<\/span>\n\t\t\t\t\t<\/h3>\n\t\t\t\t\n\t\t\t\t\t\t\t\t\t<p class=\"elementor-icon-box-description\">\n\t\t\t\t\t\tAnzahlung 40% - wir installieren den sch\u00f6nen Wintergarten bei Ihnen und Sie zahlen den Restbetrag nach der Installation oder wir k\u00f6nnen ihn auf bequeme Raten verteilen.\t\t\t\t\t<\/p>\n\t\t\t\t\n\t\t\t<\/div>\n\t\t\t\n\t\t<\/div>\n\t\t\t\t\t\t<\/div>\n\t\t\t\t<\/div>\n\t\t\t\t\t<\/div>\n\t\t<\/div>\n\t\t\t\t\t<\/div>\n\t\t<\/section>\n\t\t\t\t<div class=\"elementor-element elementor-element-5fb4322 elementor-widget elementor-widget-heading\" data-id=\"5fb4322\" data-element_type=\"widget\" data-e-type=\"widget\" data-widget_type=\"heading.default\">\n\t\t\t\t<div class=\"elementor-widget-container\">\n\t\t\t\t\t<p class=\"elementor-heading-title elementor-size-default\">Mit einem TSJ-Wintergarten k\u00f6nnen Sie das ganze Jahr \u00fcber zus\u00e4tzlichen Raum genie\u00dfen, <br>und schaffen so idealen Wohn- und Lebenskomfort.<\/p>\t\t\t\t<\/div>\n\t\t\t\t<\/div>\n\t\t\t\t\t<\/div>\n\t\t<\/div>\n\t\t\t\t\t<\/div>\n\t\t<\/section>\n\t\t<div class=\"elementor-element elementor-element-196aa11 e-flex e-con-boxed e-con e-parent\" data-id=\"196aa11\" data-element_type=\"container\" data-e-type=\"container\">\n\t\t\t\t\t<div class=\"e-con-inner\">\n\t\t\t\t<div class=\"elementor-element elementor-element-673815f elementor-widget elementor-widget-heading\" data-id=\"673815f\" data-element_type=\"widget\" data-e-type=\"widget\" data-widget_type=\"heading.default\">\n\t\t\t\t<div class=\"elementor-widget-container\">\n\t\t\t\t\t<h2 class=\"elementor-heading-title elementor-size-default\">BETROFFENE DIENSTLEISTUNGEN<\/h2>\t\t\t\t<\/div>\n\t\t\t\t<\/div>\n\t\t\t\t\t<\/div>\n\t\t\t\t<\/div>\n\t\t<div class=\"elementor-element elementor-element-9b2becf e-con-full e-flex e-con e-parent\" data-id=\"9b2becf\" data-element_type=\"container\" data-e-type=\"container\">\n\t\t<div data-dce-background-overlay-color=\"#000000\" data-dce-background-image-url=\"https:\/\/tsj-tarasyszklane.pl\/wp-content\/uploads\/2024\/02\/415999068_847530110713296_6865843507203819404_n.jpg\" class=\"elementor-element elementor-element-36e3451 e-con-full e-flex e-con e-child\" data-id=\"36e3451\" data-element_type=\"container\" data-e-type=\"container\" data-settings=\"{&quot;background_background&quot;:&quot;classic&quot;}\">\n\t\t\t\t<div class=\"elementor-element elementor-element-04a5b1a elementor-widget elementor-widget-button\" data-id=\"04a5b1a\" data-element_type=\"widget\" data-e-type=\"widget\" data-widget_type=\"button.default\">\n\t\t\t\t<div class=\"elementor-widget-container\">\n\t\t\t\t\t\t\t\t\t<div class=\"elementor-button-wrapper\">\n\t\t\t\t\t<a class=\"elementor-button elementor-button-link elementor-size-sm\" href=\"https:\/\/tsj-tarasyszklane.pl\/de\/glasterrassen\/\">\n\t\t\t\t\t\t<span class=\"elementor-button-content-wrapper\">\n\t\t\t\t\t\t\t\t\t<span class=\"elementor-button-text\">Glasterrassen<\/span>\n\t\t\t\t\t<\/span>\n\t\t\t\t\t<\/a>\n\t\t\t\t<\/div>\n\t\t\t\t\t\t\t\t<\/div>\n\t\t\t\t<\/div>\n\t\t\t\t<\/div>\n\t\t<div data-dce-background-overlay-color=\"#000000\" data-dce-background-image-url=\"https:\/\/tsj-tarasyszklane.pl\/wp-content\/uploads\/2024\/03\/331918056_1252122902326901_6929991117879436713_n.jpg\" class=\"elementor-element elementor-element-d93a08d e-con-full e-flex e-con e-child\" data-id=\"d93a08d\" data-element_type=\"container\" data-e-type=\"container\" data-settings=\"{&quot;background_background&quot;:&quot;classic&quot;}\">\n\t\t\t\t<div class=\"elementor-element elementor-element-5bb3977 elementor-widget elementor-widget-button\" data-id=\"5bb3977\" data-element_type=\"widget\" data-e-type=\"widget\" data-widget_type=\"button.default\">\n\t\t\t\t<div class=\"elementor-widget-container\">\n\t\t\t\t\t\t\t\t\t<div class=\"elementor-button-wrapper\">\n\t\t\t\t\t<a class=\"elementor-button elementor-button-link elementor-size-sm\" href=\"https:\/\/tsj-tarasyszklane.pl\/de\/wintergarten-2\/\">\n\t\t\t\t\t\t<span class=\"elementor-button-content-wrapper\">\n\t\t\t\t\t\t\t\t\t<span class=\"elementor-button-text\">Winterg\u00e4rten<\/span>\n\t\t\t\t\t<\/span>\n\t\t\t\t\t<\/a>\n\t\t\t\t<\/div>\n\t\t\t\t\t\t\t\t<\/div>\n\t\t\t\t<\/div>\n\t\t\t\t<\/div>\n\t\t<div data-dce-background-overlay-color=\"#000000\" data-dce-background-image-url=\"https:\/\/tsj-tarasyszklane.pl\/wp-content\/uploads\/2023\/06\/main-12.jpg\" class=\"elementor-element elementor-element-ab9282a e-con-full e-flex e-con e-child\" data-id=\"ab9282a\" data-element_type=\"container\" data-e-type=\"container\" data-settings=\"{&quot;background_background&quot;:&quot;classic&quot;}\">\n\t\t\t\t<div class=\"elementor-element elementor-element-3210843 elementor-widget elementor-widget-button\" data-id=\"3210843\" data-element_type=\"widget\" data-e-type=\"widget\" data-widget_type=\"button.default\">\n\t\t\t\t<div class=\"elementor-widget-container\">\n\t\t\t\t\t\t\t\t\t<div class=\"elementor-button-wrapper\">\n\t\t\t\t\t<a class=\"elementor-button elementor-button-link elementor-size-sm\" href=\"https:\/\/tsj-tarasyszklane.pl\/de\/pergola\/\">\n\t\t\t\t\t\t<span class=\"elementor-button-content-wrapper\">\n\t\t\t\t\t\t\t\t\t<span class=\"elementor-button-text\">Pergolen <\/span>\n\t\t\t\t\t<\/span>\n\t\t\t\t\t<\/a>\n\t\t\t\t<\/div>\n\t\t\t\t\t\t\t\t<\/div>\n\t\t\t\t<\/div>\n\t\t\t\t<\/div>\n\t\t\t\t<\/div>\n\t\t\t\t<\/div>","protected":false},"excerpt":{"rendered":"<p>TSJ Tarasy szklane Oferujemy Pa\u0144stwu wysokiej jako\u015bci aluminiowe tarasy szklane, ogrody zimowe oraz pergole na najwy\u017cszym poziomie. Proponujemy r\u00f3wnie\u017c dachy tarasowe w r\u00f3\u017cnych kolorach i stylach z pokryciem szklanym lub poliw\u0119glanowym oraz eleganckie oszklenie \u015bcian przesuwnych lub sta\u0142ych naszych ogrod\u00f3w zimowych. Ponadto w naszej ofercie mamy wiele r\u00f3\u017cnych dodatkowych opcji i akcesori\u00f3w, w zale\u017cno\u015bci od [&hellip;]<\/p>\n","protected":false},"author":1,"featured_media":0,"parent":0,"menu_order":0,"comment_status":"closed","ping_status":"closed","template":"","meta":{"_acf_changed":false,"footnotes":""},"class_list":["post-18","page","type-page","status-publish","hentry"],"acf":[],"_links":{"self":[{"href":"https:\/\/tsj-tarasyszklane.pl\/de\/wp-json\/wp\/v2\/pages\/18","targetHints":{"allow":["GET"]}}],"collection":[{"href":"https:\/\/tsj-tarasyszklane.pl\/de\/wp-json\/wp\/v2\/pages"}],"about":[{"href":"https:\/\/tsj-tarasyszklane.pl\/de\/wp-json\/wp\/v2\/types\/page"}],"author":[{"embeddable":true,"href":"https:\/\/tsj-tarasyszklane.pl\/de\/wp-json\/wp\/v2\/users\/1"}],"replies":[{"embeddable":true,"href":"https:\/\/tsj-tarasyszklane.pl\/de\/wp-json\/wp\/v2\/comments?post=18"}],"version-history":[{"count":39,"href":"https:\/\/tsj-tarasyszklane.pl\/de\/wp-json\/wp\/v2\/pages\/18\/revisions"}],"predecessor-version":[{"id":4025,"href":"https:\/\/tsj-tarasyszklane.pl\/de\/wp-json\/wp\/v2\/pages\/18\/revisions\/4025"}],"wp:attachment":[{"href":"https:\/\/tsj-tarasyszklane.pl\/de\/wp-json\/wp\/v2\/media?parent=18"}],"curies":[{"name":"wp","href":"https:\/\/api.w.org\/{rel}","templated":true}]}}